{"id":1792,"date":"2023-03-15T12:24:06","date_gmt":"2023-03-15T10:24:06","guid":{"rendered":"http:\/\/www.transportsvilaprat.com\/politica-de-privacitat\/"},"modified":"2025-02-27T14:37:15","modified_gmt":"2025-02-27T12:37:15","slug":"politica-de-privacidad","status":"publish","type":"page","link":"https:\/\/www.transportsvilaprat.com\/es\/politica-de-privacidad\/","title":{"rendered":"Pol\u00edtica de privacidad"},"content":{"rendered":"<div class=\"wpb-content-wrapper\"><p>[vc_row][vc_column][vc_column_text]TRANSPORTS VIL\u00c0 PRAT, S.L., informa a los usuarios del sitio web sobre su pol\u00edtica respecto al tratamiento y protecci\u00f3n de los datos de car\u00e1cter personal de los usuarios y clientes.<\/p>\n<p>Y garantiza en todo momento el \u00edntegro y pleno cumplimiento de las obligaciones dispuestas por la normativa de protecci\u00f3n de datos y servicios de la sociedad de la informaci\u00f3n: Reglamento (UE) 2016\/679 del Parlamento Europeo y del Consejo, de 27 de abril de 2016, relativo a la protecci\u00f3n de las personas f\u00edsicas en cuanto al tratamiento de datos personales 5 de diciembre, de Protecci\u00f3n de Datos Personales y garant\u00eda de los derechos digitales (LOPDGDD) y la Ley 34\/2002, de 11 de julio, de Servicios de la Sociedad de la Informaci\u00f3n y del Comercio Electr\u00f3nico (LSSIce).<\/p>\n<p><strong>RESPONSABLE DEL TRATAMIENTO<br \/>\n<\/strong>TRANSPORTS VIL\u00c0 PRAT, S.L.<br \/>\nC.I.F.: B25287236<br \/>\nDomicilio: POL. IND. ELS AMETLLERS, 9-10 \u2013 25280 SOLSONA (LLEIDA).<br \/>\nDatos registrales: Registro Mercantil de Lleida, Hoja L-2627 Volumen 141, Folio 126.<br \/>\nTel\u00e9fono: 973480897<br \/>\nCorreo electr\u00f3nico: vilaprat@transportsvilaprat.com<\/p>\n<p><strong>FINALIDADES DEL TRATAMIENTO DE LOS DATOS<\/strong><\/p>\n<p>Los datos facilitados por el Usuario son utilizados para diversas finalidades que se enumeran a continuaci\u00f3n:<\/p>\n<p>&nbsp;<\/p>\n<table width=\"584\">\n<tbody>\n<tr>\n<td width=\"291\"><strong>Finalidad del tratamiento\u00a0 \u00a0 \u00a0 \u00a0 \u00a0 \u00a0 \u00a0 \u00a0 \u00a0 \u00a0 \u00a0\u00a0<\/strong><\/td>\n<td width=\"293\"><strong>Base jur\u00eddica para el tratamiento<\/strong><\/td>\n<\/tr>\n<tr>\n<td width=\"291\">Gestionar las consultas o cualquier tipo de petici\u00f3n que se realice a trav\u00e9s de las formas de contacto que se ponen a disposici\u00f3n en la p\u00e1gina web.<\/td>\n<td width=\"293\">Inter\u00e9s leg\u00edtimo de la Sociedad por atender los requerimientos de informaci\u00f3n a trav\u00e9s de la web.<\/p>\n<p>Consentimiento prestado de forma expresa en el momento de recogida de los datos a trav\u00e9s de los formularios web.<\/td>\n<\/tr>\n<tr>\n<td width=\"291\"><span class=\"jCAhz ChMk0b\"><span class=\"ryNqvb\">Env\u00edo de newsletters, comunicaciones comerciales y promociones.<\/span><\/span><\/td>\n<td width=\"293\">Consentimiento prestado de forma expresa en el momento de recogida de los datos a trav\u00e9s de los formularios web.<\/td>\n<\/tr>\n<tr>\n<td width=\"291\">Gestionar las incidencias y el mantenimiento de la web.<\/td>\n<td width=\"293\">Inter\u00e9s leg\u00edtimo de la Sociedad.<\/p>\n<p>&nbsp;<\/td>\n<\/tr>\n<\/tbody>\n<\/table>\n<p><strong>PLAZO DE CONSERVACI\u00d3N DE LOS DATOS<\/strong><\/p>\n<table width=\"584\">\n<tbody>\n<tr>\n<td width=\"291\"><strong>Finalidad del tratamiento<\/strong><\/td>\n<td width=\"293\"><strong>Plazo de conservaci\u00f3n<\/strong><\/td>\n<\/tr>\n<tr>\n<td width=\"291\">Gestionar las consultas o cualquier tipo de petici\u00f3n que se realice a trav\u00e9s de las formas de contacto que se ponen a disposici\u00f3n en la p\u00e1gina web.<\/td>\n<td width=\"293\">Trataremos tus datos durante el tiempo que sea necesario para atender a tu solicitud o petici\u00f3n.<\/td>\n<\/tr>\n<tr>\n<td width=\"291\"><span class=\"jCAhz ChMk0b\"><span class=\"ryNqvb\">Env\u00edo de newsletters, comunicaciones comerciales y promociones.<\/span><\/span><\/td>\n<td width=\"293\">Trataremos tus datos hasta que te des de baja.<\/td>\n<\/tr>\n<tr>\n<td width=\"291\">Gestionar las incidencias y el mantenimiento de la web.<\/td>\n<td width=\"293\">Trataremos sus datos durante el tiempo necesario para cumplir los plazos legales de prescripci\u00f3n que le resulten de aplicaci\u00f3n.<\/td>\n<\/tr>\n<\/tbody>\n<\/table>\n<p><strong>DESTINATARIOS DE LOS DATOS<\/strong><\/p>\n<p>Para cumplir las finalidades indicadas en la presente Pol\u00edtica de Privacidad, es necesario que demos acceso a tus datos personales a terceras partes que nos apoyen en los servicios que te ofrecemos (Encargados de Tratamiento).<\/p>\n<p>Los encargados de tratamiento, para la ejecuci\u00f3n de un contrato o prestaci\u00f3n de un servicio al Responsable, deben seguir sus instrucciones y asegurando los mismos niveles de seguridad.<\/p>\n<p><strong>DERECHOS DE LOS USUARIOS<\/strong><\/p>\n<p>El usuario tiene derecho a:<\/p>\n<ul>\n<li>Solicitar el acceso a sus datos personales que se est\u00e1n tratando y recibir esta informaci\u00f3n por escrito por el medio solicitado.<\/li>\n<li>Solicitar la rectificaci\u00f3n de los datos personales inexactos o, en su caso, solicitar su supresi\u00f3n cuando, entre otros motivos, los datos ya no sean necesarios para la finalidad por la que fueron recogidos.<\/li>\n<li>Solicitar la limitaci\u00f3n del tratamiento de sus datos.<\/li>\n<li>Oponerse al tratamiento de sus datos personales cuando proceda, en cuyo caso se dejar\u00e1n de tratar sus datos salvo por motivos leg\u00edtimos.<\/li>\n<li><span class=\"jCAhz ChMk0b\"><span class=\"ryNqvb\">Derecho a la portabilidad de los datos.<\/span><\/span> <span class=\"jCAhz ChMk0b\"><span class=\"ryNqvb\">El interesado\/interesada tiene derecho a recibir los datos personales si han sido facilitados en un formato estructurado, de uso com\u00fan y de lectura mec\u00e1nica, y a transmitirlos a otro responsable, si se cumplen los siguientes requisitos:<\/span><\/span><\/li>\n<\/ul>\n<ol>\n<li>El tratamiento se basa en el consentimiento o contrato.<\/li>\n<li>El tratamiento se realiza por medios automatizados.<\/li>\n<\/ol>\n<ul>\n<li>Derecho a retirar el consentimiento prestado.<\/li>\n<li>Derecho a reclamar ante la Agencia Espa\u00f1ola de Protecci\u00f3n de Datos.<\/li>\n<\/ul>\n<p>El Usuario puede ejercitar los derechos anteriormente indicados en la direcci\u00f3n de correo postal o electr\u00f3nica del Responsable, acreditando su identidad con copia escaneada de su DNI o documento equivalente, y especificando el derecho que desea ejercer.<\/p>\n<p><strong>PROCEDENCIA DE LOS DATOS<\/strong><\/p>\n<p><span class=\"jCAhz ChMk0b\"><span class=\"ryNqvb\">Los datos personales deben ser facilitados por el propio interesado de forma absolutamente voluntaria.<\/span><\/span> <span class=\"jCAhz ChMk0b\"><span class=\"ryNqvb\">La falta de algunos datos o la no respuesta de preguntas que puedan formularse a la persona interesada en los procesos de registro oa trav\u00e9s de formularios electr\u00f3nicos, puede provocar la imposibilidad de acceso a determinados servicios para cuya prestaci\u00f3n es imprescindible disponer de estos datos de car\u00e1cter personal.<\/span><\/span> <span class=\"jCAhz ChMk0b\"><span class=\"ryNqvb\">En este caso, el Responsable del Tratamiento debe informar del car\u00e1cter obligatorio o necesario de facilitar los datos personales para el funcionamiento del servicio.<\/span><\/span><\/p>\n<p>El Responsable asegura la confidencialidad de sus datos personales y garantiza la seguridad de \u00e9stos, adoptando las medidas necesarias para evitar su alteraci\u00f3n, p\u00e9rdida, tratamiento o acceso no autorizado.<\/p>\n<p><strong>INFORMACI\u00d3N FACILITADA POR EL INTERESADO\/INTERESADA<\/strong><\/p>\n<p><span class=\"jCAhz ChMk0b\"><span class=\"ryNqvb\">Los y las menores de 18 a\u00f1os no pueden ceder sus datos personales sin el previo consentimiento de su padre\/madre y\/o tutores legales. <\/span><\/span><span class=\"jCAhz ChMk0b\"><span class=\"ryNqvb\">El interesado\/interesada introduciendo sus datos en los formularios de contacto o presentados en formularios de descarga, aceptan expresamente y de forma libre e inequ\u00edvoca que sus datos son necesarios para que el Responsable atienda a su petici\u00f3n, siendo voluntaria la inclusi\u00f3n de datos en los campos restantes. <\/span><\/span><span class=\"jCAhz ChMk0b\"><span class=\"ryNqvb\">El interesado\/interesada garantiza que los datos personales facilitados al prestamista son veraces y se hace responsable de comunicar cualquier modificaci\u00f3n de los mismos. <\/span><\/span><span class=\"jCAhz\"><span class=\"ryNqvb\">Todos los datos solicitados a trav\u00e9s del sitio web son necesarios para la prestaci\u00f3n de un servicio \u00f3ptimo al interesado\/interesada.<\/span><\/span> <span class=\"jCAhz\"><span class=\"ryNqvb\">En caso de que no sean facilitados todos los datos, no se garantiza que la informaci\u00f3n y servicios que el responsable le facilite, sean completamente ajustados a sus necesidades. <\/span><\/span><\/p>\n<p><strong><span class=\"jCAhz\"><span class=\"ryNqvb\">MEDIDAS DE SEGURIDAD <\/span><\/span><\/strong><\/p>\n<p><span class=\"jCAhz\"><span class=\"ryNqvb\">Que de conformidad con lo que disponen las normativas vigentes en materia de protecci\u00f3n de datos personales, El Responsable est\u00e1 cumpliendo con todas las disposiciones de las normativas RGPD y LOPDGDD para el tratamiento de los datos personales de su responsabilidad, y manifiestamente con los principios descritos en el art\u00edculo 5 del RGPD y en el art\u00edculo 4 de la LOPDG , pertinentes y limitados a lo necesario en relaci\u00f3n con los fines para los que son tratados. <\/span><\/span><span class=\"jCAhz\"><span class=\"ryNqvb\">El responsable garantiza que ha implementado pol\u00edticas t\u00e9cnicas y organizativas apropiadas para aplicar las medidas de seguridad que establecen el RGPD y la LOPDGDD para proteger los derechos y libertades del interesado\/interesada y les ha comunicado la informaci\u00f3n adecuada para que puedan ejercerlos. <\/span><\/span><\/p>\n<p><strong><span class=\"jCAhz\"><span class=\"ryNqvb\">BRECHAS DE SEGURIDAD <\/span><\/span><\/strong><\/p>\n<p><span class=\"jCAhz ChMk0b\"><span class=\"ryNqvb\">El Responsable informar\u00e1 sobre cualquier brecha de seguridad que afecte a la base de datos que utiliza este sitio web, o que afecte a cualquiera de nuestros servicios de terceros, a todas y cada una de las personas, datos de los que puedan haber sido afectados, y autoridades, dentro de las 72 horas siguientes a la detecci\u00f3n de la brecha. <\/span><\/span><\/p>\n<p><strong><span class=\"jCAhz\"><span class=\"ryNqvb\">LEGISLACI\u00d3N APLICABLE Y JURISDICCI\u00d3N <\/span><\/span><\/strong><\/p>\n<p><span class=\"jCAhz ChMk0b\"><span class=\"ryNqvb\">Se reserva la facultad de presentar las acciones civiles o penales que considere necesarias para la utilizaci\u00f3n indebida del Sitio Web y Contenidos. <\/span><\/span><\/p>\n<p><span class=\"jCAhz ChMk0b\"><span class=\"ryNqvb\">La relaci\u00f3n entre el Usuario y el Responsable se regir\u00e1 por la normativa vigente y de aplicaci\u00f3n en territorio espa\u00f1ol.<\/span><\/span> <span class=\"jCAhz ChMk0b\"><span class=\"ryNqvb\">En caso de surgir cualquier controversia en relaci\u00f3n con la interpretaci\u00f3n y\/o aplicaci\u00f3n, las partes someter\u00e1n sus conflictos a la jurisdicci\u00f3n ordinaria someti\u00e9ndose a los jueces y tribunales que correspondan conforme a derecho.<\/span><\/span>[\/vc_column_text][\/vc_column][\/vc_row]<\/p>\n<\/div>","protected":false},"excerpt":{"rendered":"<p>[vc_row][vc_column][vc_column_text]TRANSPORTS VIL\u00c0 PRAT, S.L., informa a los usuarios del sitio web sobre su pol\u00edtica respecto al tratamiento y protecci\u00f3n de los datos de car\u00e1cter personal de los usuarios y clientes. Y garantiza en&#8230;<\/p>\n","protected":false},"author":2,"featured_media":0,"parent":0,"menu_order":7,"comment_status":"closed","ping_status":"open","template":"","meta":{"footnotes":""},"class_list":["post-1792","page","type-page","status-publish","hentry"],"aioseo_notices":[],"_links":{"self":[{"href":"https:\/\/www.transportsvilaprat.com\/es\/wp-json\/wp\/v2\/pages\/1792","targetHints":{"allow":["GET"]}}],"collection":[{"href":"https:\/\/www.transportsvilaprat.com\/es\/wp-json\/wp\/v2\/pages"}],"about":[{"href":"https:\/\/www.transportsvilaprat.com\/es\/wp-json\/wp\/v2\/types\/page"}],"author":[{"embeddable":true,"href":"https:\/\/www.transportsvilaprat.com\/es\/wp-json\/wp\/v2\/users\/2"}],"replies":[{"embeddable":true,"href":"https:\/\/www.transportsvilaprat.com\/es\/wp-json\/wp\/v2\/comments?post=1792"}],"version-history":[{"count":5,"href":"https:\/\/www.transportsvilaprat.com\/es\/wp-json\/wp\/v2\/pages\/1792\/revisions"}],"predecessor-version":[{"id":1863,"href":"https:\/\/www.transportsvilaprat.com\/es\/wp-json\/wp\/v2\/pages\/1792\/revisions\/1863"}],"wp:attachment":[{"href":"https:\/\/www.transportsvilaprat.com\/es\/wp-json\/wp\/v2\/media?parent=1792"}],"curies":[{"name":"wp","href":"https:\/\/api.w.org\/{rel}","templated":true}]}}