{"id":1783,"date":"2015-11-17T05:09:58","date_gmt":"2015-11-17T03:09:58","guid":{"rendered":"http:\/\/www.transportsvilaprat.com\/contacte\/"},"modified":"2023-10-06T13:13:36","modified_gmt":"2023-10-06T11:13:36","slug":"contacto","status":"publish","type":"page","link":"https:\/\/www.transportsvilaprat.com\/es\/contacto\/","title":{"rendered":"Contacto"},"content":{"rendered":"<div class=\"wpb-content-wrapper\"><p>[vc_row css=\u00bb.vc_custom_1678901348113{margin-bottom: 20px !important;}\u00bb][vc_column offset=\u00bbvc_col-lg-4 vc_col-md-4&#8243; css=\u00bb.vc_custom_1449207085340{margin-bottom: 30px !important;}\u00bb][vc_column_text]<\/p>\n<h2>Contacto<\/h2>\n<p>Por cualquier cuesti\u00f3n, contacte con nosotros a trav\u00e9s de este formulario.[\/vc_column_text][\/vc_column][vc_column offset=\u00bbvc_col-lg-8 vc_col-md-8&#8243; css=\u00bb.vc_custom_1449207088828{margin-bottom: 30px !important;}\u00bb]\n<div class=\"wpcf7 no-js\" id=\"wpcf7-f1786-o1\" lang=\"en-US\" dir=\"ltr\" data-wpcf7-id=\"1786\">\n<div class=\"screen-reader-response\"><p role=\"status\" aria-live=\"polite\" aria-atomic=\"true\"><\/p> <ul><\/ul><\/div>\n<form action=\"\/es\/wp-json\/wp\/v2\/pages\/1783#wpcf7-f1786-o1\" method=\"post\" class=\"wpcf7-form init\" aria-label=\"Contact form\" novalidate=\"novalidate\" data-status=\"init\">\n<fieldset class=\"hidden-fields-container\"><input type=\"hidden\" name=\"_wpcf7\" value=\"1786\" \/><input type=\"hidden\" name=\"_wpcf7_version\" value=\"6.1.5\" \/><input type=\"hidden\" name=\"_wpcf7_locale\" value=\"en_US\" \/><input type=\"hidden\" name=\"_wpcf7_unit_tag\" value=\"wpcf7-f1786-o1\" \/><input type=\"hidden\" name=\"_wpcf7_container_post\" value=\"0\" \/><input type=\"hidden\" name=\"_wpcf7_posted_data_hash\" value=\"\" \/><input type=\"hidden\" name=\"_wpcf7_recaptcha_response\" value=\"\" \/>\n<\/fieldset>\n<div class=\"contact_form\">\n\t<div class=\"row\">\n\t\t<div class=\"col-lg-6 col-md-6 col-sm-12 col-xs-12\">\n\t\t\t<div class=\"input-group\">\n\t\t\t\t<p><span class=\"wpcf7-form-control-wrap\" data-name=\"txtNom\"><input size=\"40\" maxlength=\"400\" class=\"wpcf7-form-control wpcf7-text wpcf7-validates-as-required\" aria-required=\"true\" aria-invalid=\"false\" placeholder=\"Nommre *\" value=\"\" type=\"text\" name=\"txtNom\" \/><\/span>\n\t\t\t\t<\/p>\n\t\t\t<\/div>\n\t\t\t<div class=\"input-group\">\n\t\t\t\t<p><span class=\"wpcf7-form-control-wrap\" data-name=\"txtAssumpte\"><input size=\"40\" maxlength=\"400\" class=\"wpcf7-form-control wpcf7-text wpcf7-validates-as-required\" aria-required=\"true\" aria-invalid=\"false\" placeholder=\"Asunto *\" value=\"\" type=\"text\" name=\"txtAssumpte\" \/><\/span>\n\t\t\t\t<\/p>\n\t\t\t<\/div>\n\t\t\t<div class=\"input-group\">\n\t\t\t\t<p><span class=\"wpcf7-form-control-wrap\" data-name=\"txtEmail\"><input size=\"40\" maxlength=\"400\" class=\"wpcf7-form-control wpcf7-email wpcf7-validates-as-required wpcf7-text wpcf7-validates-as-email\" aria-required=\"true\" aria-invalid=\"false\" placeholder=\"E-mail *\" value=\"\" type=\"email\" name=\"txtEmail\" \/><\/span>\n\t\t\t\t<\/p>\n\t\t\t<\/div>\n\t\t<\/div>\n\t\t<div class=\"col-lg-6 col-md-6 col-sm-12 col-xs-12\">\n\t\t\t<p><span class=\"wpcf7-form-control-wrap\" data-name=\"txtMissatge\"><textarea cols=\"40\" rows=\"10\" maxlength=\"2000\" class=\"wpcf7-form-control wpcf7-textarea wpcf7-validates-as-required\" aria-required=\"true\" aria-invalid=\"false\" placeholder=\"Mensaje *\" name=\"txtMissatge\"><\/textarea><\/span>\n\t\t\t<\/p>\n\t\t<\/div>\n\t<\/div>\n\t<div class=\"row\">\n\t\t<div class=\"col-lg-12 col-md-12 col-sm-12 col-xs-12\">\n\t\t\t<div class=\"input-group\">\n\t\t\t\t<p><span><span class=\"wpcf7-form-control-wrap\" data-name=\"acceptance-279\"><span class=\"wpcf7-form-control wpcf7-acceptance\"><span class=\"wpcf7-list-item\"><input type=\"checkbox\" name=\"acceptance-279\" value=\"1\" aria-invalid=\"false\" \/><\/span><\/span><\/span> He le\u00eddo y acepto la <a target=\"_blank\" rel=\"nofollow noopener noreferrer\" href=\"http:\/\/www.transportsvilaprat.com\/es\/politica-de-privacidad\">Pol\u00edtica de Privacidad<\/a>.<\/span>\n\t\t\t\t<\/p>\n\t\t\t<\/div>\n\t\t<\/div>\n\t\t<div class=\"col-lg-12 col-md-12 col-sm-12 col-xs-12\">\n\t\t\t<div class=\"input-group\">\n\t\t\t\t<p><span><span class=\"wpcf7-form-control-wrap\" data-name=\"acceptance-280\"><span class=\"wpcf7-form-control wpcf7-acceptance optional\"><span class=\"wpcf7-list-item\"><input type=\"checkbox\" name=\"acceptance-280\" value=\"1\" aria-invalid=\"false\" \/><\/span><\/span><\/span> Autorizo el env\u00edo de informaci\u00f3n comercial y del bolet\u00edn de noticias.<\/span>\n\t\t\t\t<\/p>\n\t\t\t<\/div>\n\t\t<\/div>\n\t\t<div class=\"col-lg-12 col-md-12 col-sm-12 col-xs-12 text-left text-legal-p\">\n\t\t\t<p><b>INFORMACI\u00d3N B\u00c1SICA SOBRE PROTECCI\u00d3N DE DATOS<\/b><br \/>\n<b>Responsable del tratamiento:<\/b> TRANSPORTS VIL\u00c0 PRAT, S.L.<br \/>\n<b>Finalidad del tratamiento:<\/b> Mantener una relaci\u00f3n con el Usuario y, si nos autoriza, el env\u00edo de newsletters, comunicaciones comerciales y promociones.<br \/>\n<b>Legitimaci\u00f3n del tratamiento:<\/b> Inter\u00e9s leg\u00edtimo y consentimiento del interesado\/da.<br \/>\n<b>Conservaci\u00f3n de los datos:<\/b> Se conservaran durante el tiempo en el que haga un inter\u00e9s mutuo o durante el tiempo que sea necesario para el cumplimiento de obligaciones legales.<br \/>\n<b>Destinatarios:<\/b> Prestadores de servicios o colaboradores.<br \/>\n<b>Derechos:<\/b> Derecho a retirar el consentimiento en cualquier momento. Derecho de acceso, rectificaci\u00f3n, portabilidad y supresi\u00f3n de sus datos y de la limitaci\u00f3n u oposici\u00f3n a su tratamiento. Datos de contacto para ejercer sus derechos: vilaprat@transportsvilaprat.com<br \/>\n<b>Informaci\u00f3n adicional:<\/b> Puede encontrar m\u00e1s informaci\u00f3n en nuestra <a href=\"http:\/\/www.transportsvilaprat.com\/es\/politica-de-privacidad\">Pol\u00edtica de Privacidad<\/a>.\n\t\t\t<\/p>\n\t\t<\/div>\n\t\t<div class=\"col-lg-12 col-md-12 col-sm-12 col-xs-12 text-right\">\n\t\t\t<div class=\"input-group\">\n\t\t\t\t<p><button class=\"button icon_right size-sm theme-wpcf7-submit\">ENVIA <i class=\"stm-arrow-next\"><\/i><\/button>\n\t\t\t\t<\/p>\n\t\t\t<\/div>\n\t\t<\/div>\n\t<\/div>\n<\/div><div class=\"wpcf7-response-output\" aria-hidden=\"true\"><\/div>\n<\/form>\n<\/div>\n[\/vc_column][\/vc_row][vc_row full_width=\u00bbstretch_row_content_no_spaces\u00bb][vc_column][vc_raw_html]JTNDaWZyYW1lJTIwc3JjJTNEJTIyaHR0cHMlM0ElMkYlMkZ3d3cuZ29vZ2xlLmNvbSUyRm1hcHMlMkZlbWJlZCUzRnBiJTNEJTIxMW0xOCUyMTFtMTIlMjExbTMlMjExZDk5NzQuNDk1OTU0MTY1MjYlMjEyZDEuNTM4NDI5MDUzMDQ1NDglMjEzZDQxLjk5MDkzMDY3NzI3MTMlMjEybTMlMjExZjAlMjEyZjAlMjEzZjAlMjEzbTIlMjExaTEwMjQlMjEyaTc2OCUyMTRmMTMuMSUyMTNtMyUyMTFtMiUyMTFzMHgxMmE1YjdjZWJkMDc3ODY3JTI1M0EweDc4YzVlYTNiMjZhNjVmN2QlMjEyc1RyYW5zcG9ydHMlMjUyMFZpbCUyNUMzJTI1QTAlMjUyMFByYXQlMjUyQyUyNTIwUy5MLiUyMTVlMCUyMTNtMiUyMTFzZXMlMjEyc2VzJTIxNHYxNjk1NjQyODYwNTg1JTIxNW0yJTIxMXNlcyUyMTJzZXMlMjIlMjBoZWlnaHQlM0QlMjI0NTAlMjIlMjBzdHlsZSUzRCUyMndpZHRoJTNBJTIwMTAwJTI1JTNCJTIwYm9yZGVyJTNBMCUzQiUyMiUyMGFsbG93ZnVsbHNjcmVlbiUzRCUyMiUyMiUyMGxvYWRpbmclM0QlMjJsYXp5JTIyJTIwcmVmZXJyZXJwb2xpY3klM0QlMjJuby1yZWZlcnJlci13aGVuLWRvd25ncmFkZSUyMiUzRSUzQyUyRmlmcmFtZSUzRQ==[\/vc_raw_html][\/vc_column][\/vc_row]<\/p>\n<\/div>","protected":false},"excerpt":{"rendered":"<p>[vc_row css=\u00bb.vc_custom_1678901348113{margin-bottom: 20px !important;}\u00bb][vc_column offset=\u00bbvc_col-lg-4 vc_col-md-4&#8243; css=\u00bb.vc_custom_1449207085340{margin-bottom: 30px !important;}\u00bb][vc_column_text] Contacto Por cualquier cuesti\u00f3n, contacte con nosotros a trav\u00e9s de este formulario.[\/vc_column_text][\/vc_column][vc_column offset=\u00bbvc_col-lg-8 vc_col-md-8&#8243; css=\u00bb.vc_custom_1449207088828{margin-bottom: 30px !important;}\u00bb][\/vc_column][\/vc_row][vc_row full_width=\u00bbstretch_row_content_no_spaces\u00bb][vc_column][vc_raw_html]JTNDaWZyYW1lJTIwc3JjJTNEJTIyaHR0cHMlM0ElMkYlMkZ3d3cuZ29vZ2xlLmNvbSUyRm1hcHMlMkZlbWJlZCUzRnBiJTNEJTIxMW0xOCUyMTFtMTIlMjExbTMlMjExZDk5NzQuNDk1OTU0MTY1MjYlMjEyZDEuNTM4NDI5MDUzMDQ1NDglMjEzZDQxLjk5MDkzMDY3NzI3MTMlMjEybTMlMjExZjAlMjEyZjAlMjEzZjAlMjEzbTIlMjExaTEwMjQlMjEyaTc2OCUyMTRmMTMuMSUyMTNtMyUyMTFtMiUyMTFzMHgxMmE1YjdjZWJkMDc3ODY3JTI1M0EweDc4YzVlYTNiMjZhNjVmN2QlMjEyc1RyYW5zcG9ydHMlMjUyMFZpbCUyNUMzJTI1QTAlMjUyMFByYXQlMjUyQyUyNTIwUy5MLiUyMTVlMCUyMTNtMiUyMTFzZXMlMjEyc2VzJTIxNHYxNjk1NjQyODYwNTg1JTIxNW0yJTIxMXNlcyUyMTJzZXMlMjIlMjBoZWlnaHQlM0QlMjI0NTAlMjIlMjBzdHlsZSUzRCUyMndpZHRoJTNBJTIwMTAwJTI1JTNCJTIwYm9yZGVyJTNBMCUzQiUyMiUyMGFsbG93ZnVsbHNjcmVlbiUzRCUyMiUyMiUyMGxvYWRpbmclM0QlMjJsYXp5JTIyJTIwcmVmZXJyZXJwb2xpY3klM0QlMjJuby1yZWZlcnJlci13aGVuLWRvd25ncmFkZSUyMiUzRSUzQyUyRmlmcmFtZSUzRQ==[\/vc_raw_html][\/vc_column][\/vc_row]<\/p>\n","protected":false},"author":2,"featured_media":0,"parent":0,"menu_order":4,"comment_status":"closed","ping_status":"closed","template":"","meta":{"footnotes":""},"class_list":["post-1783","page","type-page","status-publish","hentry"],"aioseo_notices":[],"_links":{"self":[{"href":"https:\/\/www.transportsvilaprat.com\/es\/wp-json\/wp\/v2\/pages\/1783","targetHints":{"allow":["GET"]}}],"collection":[{"href":"https:\/\/www.transportsvilaprat.com\/es\/wp-json\/wp\/v2\/pages"}],"about":[{"href":"https:\/\/www.transportsvilaprat.com\/es\/wp-json\/wp\/v2\/types\/page"}],"author":[{"embeddable":true,"href":"https:\/\/www.transportsvilaprat.com\/es\/wp-json\/wp\/v2\/users\/2"}],"replies":[{"embeddable":true,"href":"https:\/\/www.transportsvilaprat.com\/es\/wp-json\/wp\/v2\/comments?post=1783"}],"version-history":[{"count":3,"href":"https:\/\/www.transportsvilaprat.com\/es\/wp-json\/wp\/v2\/pages\/1783\/revisions"}],"predecessor-version":[{"id":1787,"href":"https:\/\/www.transportsvilaprat.com\/es\/wp-json\/wp\/v2\/pages\/1783\/revisions\/1787"}],"wp:attachment":[{"href":"https:\/\/www.transportsvilaprat.com\/es\/wp-json\/wp\/v2\/media?parent=1783"}],"curies":[{"name":"wp","href":"https:\/\/api.w.org\/{rel}","templated":true}]}}