{"id":1778,"date":"2015-10-21T07:42:32","date_gmt":"2015-10-21T05:42:32","guid":{"rendered":"http:\/\/www.transportsvilaprat.com\/home\/"},"modified":"2023-10-06T13:03:08","modified_gmt":"2023-10-06T11:03:08","slug":"home","status":"publish","type":"page","link":"https:\/\/www.transportsvilaprat.com\/es\/","title":{"rendered":"Inicio"},"content":{"rendered":"<div class=\"wpb-content-wrapper\"><p>[vc_row][vc_column]\n\t\t\t<!-- START Vil\u00e0 Prat portada ES REVOLUTION SLIDER 6.7.16 --><p class=\"rs-p-wp-fix\"><\/p>\n\t\t\t<rs-module-wrap id=\"rev_slider_6_1_wrapper\" data-source=\"gallery\" style=\"visibility:hidden;background:#ffffff;padding:0;margin:0px auto;margin-top:0;margin-bottom:0;\">\n\t\t\t\t<rs-module id=\"rev_slider_6_1\" style=\"\" data-version=\"6.7.16\">\n\t\t\t\t\t<rs-slides style=\"overflow: hidden; position: absolute;\">\n\t\t\t\t\t\t<rs-slide style=\"position: absolute;\" data-key=\"rs-22\" data-title=\"Slide\" data-anim=\"f:slidebased;\" data-in=\"prst:rndany;y:cyc(100%|-100%);m:true;col:8;\">\n\t\t\t\t\t\t\t<img decoding=\"async\" src=\"\/\/www.transportsvilaprat.com\/wp-content\/plugins\/revslider\/sr6\/assets\/assets\/dummy.png\" alt=\"\" title=\"camio 2\" width=\"2016\" height=\"1134\" class=\"rev-slidebg tp-rs-img rs-lazyload\" data-lazyload=\"\/\/www.transportsvilaprat.com\/wp-content\/uploads\/2025\/06\/camio-2-1.jpg\" data-parallax=\"off\" data-panzoom=\"d:10000;ss:100;se:100;\" data-no-retina>\n<!--\n\t\t\t\t\t\t\t--><rs-layer\n\t\t\t\t\t\t\t\tid=\"slider-6-slide-22-layer-2\" \n\t\t\t\t\t\t\t\tclass=\"STM-Title\"\n\t\t\t\t\t\t\t\tdata-type=\"text\"\n\t\t\t\t\t\t\t\tdata-color=\"rgba(255,255,255,1)\"\n\t\t\t\t\t\t\t\tdata-rsp_ch=\"on\"\n\t\t\t\t\t\t\t\tdata-xy=\"x:81px;y:337px;\"\n\t\t\t\t\t\t\t\tdata-text=\"s:48;l:54;ls:2px;\"\n\t\t\t\t\t\t\t\tdata-frame_0=\"y:50px;\"\n\t\t\t\t\t\t\t\tdata-frame_1=\"e:Strong.easeOut;st:700;sp:1000;\"\n\t\t\t\t\t\t\t\tdata-frame_999=\"y:50px;o:0;e:nothing;st:w;sp:400;\"\n\t\t\t\t\t\t\t\tstyle=\"z-index:7;font-family:'Titillium Web';\"\n\t\t\t\t\t\t\t>TRANSPORTE DE <br\/>MERCANC\u00cdAS \n\t\t\t\t\t\t\t<\/rs-layer><!--\n\n\t\t\t\t\t\t\t--><rs-layer\n\t\t\t\t\t\t\t\tid=\"slider-6-slide-22-layer-5\" \n\t\t\t\t\t\t\t\tclass=\"slider_line tp-shape tp-shapewrapper\"\n\t\t\t\t\t\t\t\tdata-type=\"shape\"\n\t\t\t\t\t\t\t\tdata-rsp_ch=\"on\"\n\t\t\t\t\t\t\t\tdata-xy=\"x:80px;y:306px;\"\n\t\t\t\t\t\t\t\tdata-text=\"fw:900;\"\n\t\t\t\t\t\t\t\tdata-dim=\"w:50px;h:3px;\"\n\t\t\t\t\t\t\t\tdata-frame_0=\"x:-100%;o:1;\"\n\t\t\t\t\t\t\t\tdata-frame_0_mask=\"u:t;\"\n\t\t\t\t\t\t\t\tdata-frame_1=\"e:Strong.easeOut;st:1450;\"\n\t\t\t\t\t\t\t\tdata-frame_1_mask=\"u:t;\"\n\t\t\t\t\t\t\t\tdata-frame_999=\"x:-100%;st:w;\"\n\t\t\t\t\t\t\t\tdata-frame_999_mask=\"u:t;\"\n\t\t\t\t\t\t\t\tstyle=\"z-index:6;background-color:rgba(255,255,255,1);\"\n\t\t\t\t\t\t\t> \n\t\t\t\t\t\t\t<\/rs-layer><!--\n\n\t\t\t\t\t\t\t--><p\n\t\t\t\t\t\t\t\tid=\"slider-6-slide-22-layer-6\" \n\t\t\t\t\t\t\t\tclass=\"rs-layer STM-Text\"\n\t\t\t\t\t\t\t\tdata-type=\"text\"\n\t\t\t\t\t\t\t\tdata-color=\"rgba(255,255,255,1)\"\n\t\t\t\t\t\t\t\tdata-rsp_ch=\"on\"\n\t\t\t\t\t\t\t\tdata-xy=\"x:80px;y:472px;\"\n\t\t\t\t\t\t\t\tdata-text=\"s:16;l:28;\"\n\t\t\t\t\t\t\t\tdata-frame_0=\"y:50px;\"\n\t\t\t\t\t\t\t\tdata-frame_1=\"e:Strong.easeOut;st:900;sp:1000;\"\n\t\t\t\t\t\t\t\tdata-frame_999=\"y:50px;o:0;e:nothing;st:w;sp:400;\"\n\t\t\t\t\t\t\t\tstyle=\"z-index:8;font-family:'Roboto';\"\n\t\t\t\t\t\t\t>\nCon una experiencia de m\u00e1s de 30 a\u00f1os<br>en el sector \n\t\t\t\t\t\t\t<\/p><!--\n\n\t\t\t\t\t\t\t--><rs-layer\n\t\t\t\t\t\t\t\tid=\"slider-6-slide-22-layer-9\" \n\t\t\t\t\t\t\t\tclass=\"slider_text_bg tp-shape tp-shapewrapper\"\n\t\t\t\t\t\t\t\tdata-type=\"shape\"\n\t\t\t\t\t\t\t\tdata-rsp_ch=\"on\"\n\t\t\t\t\t\t\t\tdata-xy=\"x:15px;y:240px;\"\n\t\t\t\t\t\t\t\tdata-dim=\"w:540px;h:380px;\"\n\t\t\t\t\t\t\t\tdata-frame_1=\"e:power2.inOut;st:1450;\"\n\t\t\t\t\t\t\t\tdata-frame_999=\"o:0;e:nothing;st:w;\"\n\t\t\t\t\t\t\t\tstyle=\"z-index:5;background-color:rgba(0,0,0,0.50);\"\n\t\t\t\t\t\t\t> \n\t\t\t\t\t\t\t<\/rs-layer><!--\n-->\t\t\t\t\t<\/rs-slide>\n\t\t\t\t\t\t<rs-slide style=\"position: absolute;\" data-key=\"rs-23\" data-title=\"Slide\" data-anim=\"ms:2000;\" data-in=\"prst:rndany;o:0;\" data-out=\"a:false;\" data-d3=\"f:turn;su:true;\" class=\"overlay\">\n\t\t\t\t\t\t\t<img decoding=\"async\" src=\"\/\/www.transportsvilaprat.com\/wp-content\/plugins\/revslider\/sr6\/assets\/assets\/dummy.png\" alt=\"\" title=\"camions\" width=\"2016\" height=\"1134\" class=\"rev-slidebg tp-rs-img rs-lazyload\" data-lazyload=\"\/\/www.transportsvilaprat.com\/wp-content\/uploads\/2025\/06\/camions.jpg\" data-parallax=\"off\" data-panzoom=\"d:10000;ss:100;se:100;\" data-no-retina>\n<!--\n\t\t\t\t\t\t\t--><rs-layer\n\t\t\t\t\t\t\t\tid=\"slider-6-slide-23-layer-2\" \n\t\t\t\t\t\t\t\tclass=\"STM-Title\"\n\t\t\t\t\t\t\t\tdata-type=\"text\"\n\t\t\t\t\t\t\t\tdata-color=\"rgba(255,255,255,1)\"\n\t\t\t\t\t\t\t\tdata-rsp_ch=\"on\"\n\t\t\t\t\t\t\t\tdata-xy=\"x:80px;y:337px;\"\n\t\t\t\t\t\t\t\tdata-text=\"s:48;l:54;ls:2px;\"\n\t\t\t\t\t\t\t\tdata-frame_0=\"y:50px;\"\n\t\t\t\t\t\t\t\tdata-frame_1=\"e:Strong.easeOut;st:700;sp:1000;\"\n\t\t\t\t\t\t\t\tdata-frame_999=\"y:50px;o:0;e:nothing;st:w;sp:400;\"\n\t\t\t\t\t\t\t\tstyle=\"z-index:7;font-family:'Titillium Web';\"\n\t\t\t\t\t\t\t>TRANSPORTE DE <br\/>MERCANC\u00cdAS \n\t\t\t\t\t\t\t<\/rs-layer><!--\n\n\t\t\t\t\t\t\t--><rs-layer\n\t\t\t\t\t\t\t\tid=\"slider-6-slide-23-layer-5\" \n\t\t\t\t\t\t\t\tclass=\"slider_line tp-shape tp-shapewrapper\"\n\t\t\t\t\t\t\t\tdata-type=\"shape\"\n\t\t\t\t\t\t\t\tdata-rsp_ch=\"on\"\n\t\t\t\t\t\t\t\tdata-xy=\"x:80px;y:306px;\"\n\t\t\t\t\t\t\t\tdata-text=\"fw:900;\"\n\t\t\t\t\t\t\t\tdata-dim=\"w:50px;h:3px;\"\n\t\t\t\t\t\t\t\tdata-frame_0=\"x:-100%;o:1;\"\n\t\t\t\t\t\t\t\tdata-frame_0_mask=\"u:t;\"\n\t\t\t\t\t\t\t\tdata-frame_1=\"e:Strong.easeOut;st:1450;\"\n\t\t\t\t\t\t\t\tdata-frame_1_mask=\"u:t;\"\n\t\t\t\t\t\t\t\tdata-frame_999=\"x:-100%;st:w;\"\n\t\t\t\t\t\t\t\tdata-frame_999_mask=\"u:t;\"\n\t\t\t\t\t\t\t\tstyle=\"z-index:6;background-color:rgba(255,255,255,1);\"\n\t\t\t\t\t\t\t> \n\t\t\t\t\t\t\t<\/rs-layer><!--\n\n\t\t\t\t\t\t\t--><p\n\t\t\t\t\t\t\t\tid=\"slider-6-slide-23-layer-6\" \n\t\t\t\t\t\t\t\tclass=\"rs-layer STM-Text\"\n\t\t\t\t\t\t\t\tdata-type=\"text\"\n\t\t\t\t\t\t\t\tdata-color=\"rgba(255,255,255,1)\"\n\t\t\t\t\t\t\t\tdata-rsp_ch=\"on\"\n\t\t\t\t\t\t\t\tdata-xy=\"x:80px;y:472px;\"\n\t\t\t\t\t\t\t\tdata-text=\"s:16;l:28;\"\n\t\t\t\t\t\t\t\tdata-frame_0=\"y:50px;\"\n\t\t\t\t\t\t\t\tdata-frame_1=\"e:Strong.easeOut;st:900;sp:1000;\"\n\t\t\t\t\t\t\t\tdata-frame_999=\"y:50px;o:0;e:nothing;st:w;sp:400;\"\n\t\t\t\t\t\t\t\tstyle=\"z-index:8;font-family:'Roboto';\"\n\t\t\t\t\t\t\t>Con una experiencia de m\u00e1s de 30 a\u00f1os<br>en el sector \n\t\t\t\t\t\t\t<\/p><!--\n\n\t\t\t\t\t\t\t--><rs-layer\n\t\t\t\t\t\t\t\tid=\"slider-6-slide-23-layer-9\" \n\t\t\t\t\t\t\t\tclass=\"slider_text_bg tp-shape tp-shapewrapper\"\n\t\t\t\t\t\t\t\tdata-type=\"shape\"\n\t\t\t\t\t\t\t\tdata-rsp_ch=\"on\"\n\t\t\t\t\t\t\t\tdata-xy=\"x:15px;y:240px;\"\n\t\t\t\t\t\t\t\tdata-dim=\"w:540px;h:380px;\"\n\t\t\t\t\t\t\t\tdata-frame_1=\"e:power2.inOut;st:1450;\"\n\t\t\t\t\t\t\t\tdata-frame_999=\"o:0;e:nothing;st:w;\"\n\t\t\t\t\t\t\t\tstyle=\"z-index:5;background-color:rgba(0,0,0,0.50);\"\n\t\t\t\t\t\t\t> \n\t\t\t\t\t\t\t<\/rs-layer><!--\n-->\t\t\t\t\t<\/rs-slide>\n\t\t\t\t\t\t<rs-slide style=\"position: absolute;\" data-key=\"rs-25\" data-title=\"Slide\" data-anim=\"d:20;p:dark;f:slidebased;\" data-in=\"prst:rndany;o:0;x:(15%);sx:0.8;sy:0.8;e:power2.out;row:5;col:5;\" data-out=\"o:0;x:(-15%);sx:0.8;sy:0.8;e:power2.in;row:5;col:5;\" class=\"overlay\">\n\t\t\t\t\t\t\t<img decoding=\"async\" src=\"\/\/www.transportsvilaprat.com\/wp-content\/plugins\/revslider\/sr6\/assets\/assets\/dummy.png\" alt=\"\" title=\"Imagen de WhatsApp 2023-06-15 a las 19.52.57b\" width=\"2016\" height=\"1134\" class=\"rev-slidebg tp-rs-img rs-lazyload\" data-lazyload=\"\/\/www.transportsvilaprat.com\/wp-content\/uploads\/2023\/10\/Imagen-de-WhatsApp-2023-06-15-a-las-19.52.57b.jpg\" data-parallax=\"off\" data-panzoom=\"d:10000;ss:100;se:100;\" data-no-retina>\n<!--\n\t\t\t\t\t\t\t--><rs-layer\n\t\t\t\t\t\t\t\tid=\"slider-6-slide-25-layer-2\" \n\t\t\t\t\t\t\t\tclass=\"STM-Title\"\n\t\t\t\t\t\t\t\tdata-type=\"text\"\n\t\t\t\t\t\t\t\tdata-color=\"rgba(255,255,255,1)\"\n\t\t\t\t\t\t\t\tdata-rsp_ch=\"on\"\n\t\t\t\t\t\t\t\tdata-xy=\"x:80px;y:337px;\"\n\t\t\t\t\t\t\t\tdata-text=\"s:48;l:54;ls:2px;\"\n\t\t\t\t\t\t\t\tdata-frame_0=\"y:50px;\"\n\t\t\t\t\t\t\t\tdata-frame_1=\"e:Strong.easeOut;st:700;sp:1000;\"\n\t\t\t\t\t\t\t\tdata-frame_999=\"y:50px;o:0;e:nothing;st:w;sp:400;\"\n\t\t\t\t\t\t\t\tstyle=\"z-index:10;font-family:'Titillium Web';\"\n\t\t\t\t\t\t\t>TRANSPORTE DE <br\/>MERCANC\u00cdAS \n\t\t\t\t\t\t\t<\/rs-layer><!--\n\n\t\t\t\t\t\t\t--><rs-layer\n\t\t\t\t\t\t\t\tid=\"slider-6-slide-25-layer-5\" \n\t\t\t\t\t\t\t\tclass=\"slider_line tp-shape tp-shapewrapper\"\n\t\t\t\t\t\t\t\tdata-type=\"shape\"\n\t\t\t\t\t\t\t\tdata-rsp_ch=\"on\"\n\t\t\t\t\t\t\t\tdata-xy=\"x:80px;y:306px;\"\n\t\t\t\t\t\t\t\tdata-text=\"fw:900;\"\n\t\t\t\t\t\t\t\tdata-dim=\"w:50px;h:3px;\"\n\t\t\t\t\t\t\t\tdata-frame_0=\"x:-100%;o:1;\"\n\t\t\t\t\t\t\t\tdata-frame_0_mask=\"u:t;\"\n\t\t\t\t\t\t\t\tdata-frame_1=\"e:Strong.easeOut;st:1450;\"\n\t\t\t\t\t\t\t\tdata-frame_1_mask=\"u:t;\"\n\t\t\t\t\t\t\t\tdata-frame_999=\"x:-100%;st:w;\"\n\t\t\t\t\t\t\t\tdata-frame_999_mask=\"u:t;\"\n\t\t\t\t\t\t\t\tstyle=\"z-index:9;background-color:rgba(255,255,255,1);\"\n\t\t\t\t\t\t\t> \n\t\t\t\t\t\t\t<\/rs-layer><!--\n\n\t\t\t\t\t\t\t--><p\n\t\t\t\t\t\t\t\tid=\"slider-6-slide-25-layer-6\" \n\t\t\t\t\t\t\t\tclass=\"rs-layer STM-Text\"\n\t\t\t\t\t\t\t\tdata-type=\"text\"\n\t\t\t\t\t\t\t\tdata-color=\"rgba(255,255,255,1)\"\n\t\t\t\t\t\t\t\tdata-rsp_ch=\"on\"\n\t\t\t\t\t\t\t\tdata-xy=\"x:80px;y:472px;\"\n\t\t\t\t\t\t\t\tdata-text=\"s:16;l:28;\"\n\t\t\t\t\t\t\t\tdata-frame_0=\"y:50px;\"\n\t\t\t\t\t\t\t\tdata-frame_1=\"e:Strong.easeOut;st:900;sp:1000;\"\n\t\t\t\t\t\t\t\tdata-frame_999=\"y:50px;o:0;e:nothing;st:w;sp:400;\"\n\t\t\t\t\t\t\t\tstyle=\"z-index:11;font-family:'Roboto';\"\n\t\t\t\t\t\t\t>Con una experiencia de m\u00e1s de 30 a\u00f1os<br>en el sector \n\t\t\t\t\t\t\t<\/p><!--\n\n\t\t\t\t\t\t\t--><rs-layer\n\t\t\t\t\t\t\t\tid=\"slider-6-slide-25-layer-9\" \n\t\t\t\t\t\t\t\tclass=\"slider_text_bg tp-shape tp-shapewrapper\"\n\t\t\t\t\t\t\t\tdata-type=\"shape\"\n\t\t\t\t\t\t\t\tdata-rsp_ch=\"on\"\n\t\t\t\t\t\t\t\tdata-xy=\"x:15px;y:240px;\"\n\t\t\t\t\t\t\t\tdata-dim=\"w:540px;h:380px;\"\n\t\t\t\t\t\t\t\tdata-frame_1=\"e:power2.inOut;st:1450;\"\n\t\t\t\t\t\t\t\tdata-frame_999=\"o:0;e:nothing;st:w;\"\n\t\t\t\t\t\t\t\tstyle=\"z-index:8;background-color:rgba(0,0,0,0.50);\"\n\t\t\t\t\t\t\t> \n\t\t\t\t\t\t\t<\/rs-layer><!--\n-->\t\t\t\t\t<\/rs-slide>\n\t\t\t\t\t\t<rs-slide style=\"position: absolute;\" data-key=\"rs-24\" data-title=\"Slide\" data-anim=\"d:15;ms:1000;f:center;\" data-in=\"prst:rndany;mo:70;moo:none;o:0;x:ran(-20|20);y:ran(-20|20);r:ran(-40|40);sx:2;sy:2;e:elastic.out;row:20;col:20;\" data-out=\"a:false;\" class=\"overlay\">\n\t\t\t\t\t\t\t<img decoding=\"async\" src=\"\/\/www.transportsvilaprat.com\/wp-content\/plugins\/revslider\/sr6\/assets\/assets\/dummy.png\" alt=\"\" title=\"camio aparcat\" width=\"2016\" height=\"1134\" class=\"rev-slidebg tp-rs-img rs-lazyload\" data-lazyload=\"\/\/www.transportsvilaprat.com\/wp-content\/uploads\/2025\/06\/camio-aparcat.jpg\" data-parallax=\"off\" data-panzoom=\"d:10000;ss:100;se:100;\" data-no-retina>\n<!--\n\t\t\t\t\t\t\t--><rs-layer\n\t\t\t\t\t\t\t\tid=\"slider-6-slide-24-layer-2\" \n\t\t\t\t\t\t\t\tclass=\"STM-Title\"\n\t\t\t\t\t\t\t\tdata-type=\"text\"\n\t\t\t\t\t\t\t\tdata-color=\"rgba(255,255,255,1)\"\n\t\t\t\t\t\t\t\tdata-rsp_ch=\"on\"\n\t\t\t\t\t\t\t\tdata-xy=\"x:85px;y:335px;\"\n\t\t\t\t\t\t\t\tdata-text=\"s:48;l:54;ls:2px;\"\n\t\t\t\t\t\t\t\tdata-frame_0=\"y:50px;\"\n\t\t\t\t\t\t\t\tdata-frame_1=\"e:Strong.easeOut;st:700;sp:1000;\"\n\t\t\t\t\t\t\t\tdata-frame_999=\"y:50px;o:0;e:nothing;st:w;sp:400;\"\n\t\t\t\t\t\t\t\tstyle=\"z-index:10;font-family:'Titillium Web';\"\n\t\t\t\t\t\t\t>TRANSPORTE DE <br\/>MERCANC\u00cdAS \n\t\t\t\t\t\t\t<\/rs-layer><!--\n\n\t\t\t\t\t\t\t--><rs-layer\n\t\t\t\t\t\t\t\tid=\"slider-6-slide-24-layer-5\" \n\t\t\t\t\t\t\t\tclass=\"slider_line tp-shape tp-shapewrapper\"\n\t\t\t\t\t\t\t\tdata-type=\"shape\"\n\t\t\t\t\t\t\t\tdata-rsp_ch=\"on\"\n\t\t\t\t\t\t\t\tdata-xy=\"x:80px;y:306px;\"\n\t\t\t\t\t\t\t\tdata-text=\"fw:900;\"\n\t\t\t\t\t\t\t\tdata-dim=\"w:50px;h:3px;\"\n\t\t\t\t\t\t\t\tdata-frame_0=\"x:-100%;o:1;\"\n\t\t\t\t\t\t\t\tdata-frame_0_mask=\"u:t;\"\n\t\t\t\t\t\t\t\tdata-frame_1=\"e:Strong.easeOut;st:1450;\"\n\t\t\t\t\t\t\t\tdata-frame_1_mask=\"u:t;\"\n\t\t\t\t\t\t\t\tdata-frame_999=\"x:-100%;st:w;\"\n\t\t\t\t\t\t\t\tdata-frame_999_mask=\"u:t;\"\n\t\t\t\t\t\t\t\tstyle=\"z-index:9;background-color:rgba(255,255,255,1);\"\n\t\t\t\t\t\t\t> \n\t\t\t\t\t\t\t<\/rs-layer><!--\n\n\t\t\t\t\t\t\t--><p\n\t\t\t\t\t\t\t\tid=\"slider-6-slide-24-layer-6\" \n\t\t\t\t\t\t\t\tclass=\"rs-layer STM-Text\"\n\t\t\t\t\t\t\t\tdata-type=\"text\"\n\t\t\t\t\t\t\t\tdata-color=\"rgba(255,255,255,1)\"\n\t\t\t\t\t\t\t\tdata-rsp_ch=\"on\"\n\t\t\t\t\t\t\t\tdata-xy=\"x:80px;y:472px;\"\n\t\t\t\t\t\t\t\tdata-text=\"s:16;l:28;\"\n\t\t\t\t\t\t\t\tdata-frame_0=\"y:50px;\"\n\t\t\t\t\t\t\t\tdata-frame_1=\"e:Strong.easeOut;st:900;sp:1000;\"\n\t\t\t\t\t\t\t\tdata-frame_999=\"y:50px;o:0;e:nothing;st:w;sp:400;\"\n\t\t\t\t\t\t\t\tstyle=\"z-index:11;font-family:'Roboto';\"\n\t\t\t\t\t\t\t>Con una experiencia de m\u00e1s de 30 a\u00f1os<br>en el sector \n\t\t\t\t\t\t\t<\/p><!--\n\n\t\t\t\t\t\t\t--><rs-layer\n\t\t\t\t\t\t\t\tid=\"slider-6-slide-24-layer-9\" \n\t\t\t\t\t\t\t\tclass=\"slider_text_bg tp-shape tp-shapewrapper\"\n\t\t\t\t\t\t\t\tdata-type=\"shape\"\n\t\t\t\t\t\t\t\tdata-rsp_ch=\"on\"\n\t\t\t\t\t\t\t\tdata-xy=\"x:15px;y:240px;\"\n\t\t\t\t\t\t\t\tdata-dim=\"w:540px;h:380px;\"\n\t\t\t\t\t\t\t\tdata-frame_1=\"e:power2.inOut;st:1450;\"\n\t\t\t\t\t\t\t\tdata-frame_999=\"o:0;e:nothing;st:w;\"\n\t\t\t\t\t\t\t\tstyle=\"z-index:8;background-color:rgba(0,0,0,0.50);\"\n\t\t\t\t\t\t\t> \n\t\t\t\t\t\t\t<\/rs-layer><!--\n-->\t\t\t\t\t<\/rs-slide>\n\t\t\t\t\t\t<rs-slide style=\"position: absolute;\" data-key=\"rs-26\" data-title=\"Slide\" data-filter=\"b:2;\" data-in=\"prst:rndany;o:0;sx:1.01;sy:1.01;e:power1.in;\" class=\"overlay\">\n\t\t\t\t\t\t\t<img decoding=\"async\" src=\"\/\/www.transportsvilaprat.com\/wp-content\/plugins\/revslider\/sr6\/assets\/assets\/dummy.png\" alt=\"\" title=\"camio 3\" width=\"2016\" height=\"1134\" class=\"rev-slidebg tp-rs-img rs-lazyload\" data-lazyload=\"\/\/www.transportsvilaprat.com\/wp-content\/uploads\/2025\/06\/camio-3.jpg\" data-parallax=\"off\" data-panzoom=\"d:10000;ss:100;se:100;\" data-no-retina>\n<!--\n\t\t\t\t\t\t\t--><rs-layer\n\t\t\t\t\t\t\t\tid=\"slider-6-slide-26-layer-2\" \n\t\t\t\t\t\t\t\tclass=\"STM-Title\"\n\t\t\t\t\t\t\t\tdata-type=\"text\"\n\t\t\t\t\t\t\t\tdata-color=\"rgba(255,255,255,1)\"\n\t\t\t\t\t\t\t\tdata-rsp_ch=\"on\"\n\t\t\t\t\t\t\t\tdata-xy=\"x:80px;y:337px;\"\n\t\t\t\t\t\t\t\tdata-text=\"s:48;l:54;ls:2px;\"\n\t\t\t\t\t\t\t\tdata-frame_0=\"y:50px;\"\n\t\t\t\t\t\t\t\tdata-frame_1=\"e:Strong.easeOut;st:700;sp:1000;\"\n\t\t\t\t\t\t\t\tdata-frame_999=\"y:50px;o:0;e:nothing;st:w;sp:400;\"\n\t\t\t\t\t\t\t\tstyle=\"z-index:10;font-family:'Titillium Web';\"\n\t\t\t\t\t\t\t>TRANSPORTE DE <br\/>MERCANC\u00cdAS \n\t\t\t\t\t\t\t<\/rs-layer><!--\n\n\t\t\t\t\t\t\t--><rs-layer\n\t\t\t\t\t\t\t\tid=\"slider-6-slide-26-layer-5\" \n\t\t\t\t\t\t\t\tclass=\"slider_line tp-shape tp-shapewrapper\"\n\t\t\t\t\t\t\t\tdata-type=\"shape\"\n\t\t\t\t\t\t\t\tdata-rsp_ch=\"on\"\n\t\t\t\t\t\t\t\tdata-xy=\"x:80px;y:306px;\"\n\t\t\t\t\t\t\t\tdata-text=\"fw:900;\"\n\t\t\t\t\t\t\t\tdata-dim=\"w:50px;h:3px;\"\n\t\t\t\t\t\t\t\tdata-frame_0=\"x:-100%;o:1;\"\n\t\t\t\t\t\t\t\tdata-frame_0_mask=\"u:t;\"\n\t\t\t\t\t\t\t\tdata-frame_1=\"e:Strong.easeOut;st:1450;\"\n\t\t\t\t\t\t\t\tdata-frame_1_mask=\"u:t;\"\n\t\t\t\t\t\t\t\tdata-frame_999=\"x:-100%;st:w;\"\n\t\t\t\t\t\t\t\tdata-frame_999_mask=\"u:t;\"\n\t\t\t\t\t\t\t\tstyle=\"z-index:9;background-color:rgba(255,255,255,1);\"\n\t\t\t\t\t\t\t> \n\t\t\t\t\t\t\t<\/rs-layer><!--\n\n\t\t\t\t\t\t\t--><p\n\t\t\t\t\t\t\t\tid=\"slider-6-slide-26-layer-6\" \n\t\t\t\t\t\t\t\tclass=\"rs-layer STM-Text\"\n\t\t\t\t\t\t\t\tdata-type=\"text\"\n\t\t\t\t\t\t\t\tdata-color=\"rgba(255,255,255,1)\"\n\t\t\t\t\t\t\t\tdata-rsp_ch=\"on\"\n\t\t\t\t\t\t\t\tdata-xy=\"x:80px;y:472px;\"\n\t\t\t\t\t\t\t\tdata-text=\"s:16;l:28;\"\n\t\t\t\t\t\t\t\tdata-frame_0=\"y:50px;\"\n\t\t\t\t\t\t\t\tdata-frame_1=\"e:Strong.easeOut;st:900;sp:1000;\"\n\t\t\t\t\t\t\t\tdata-frame_999=\"y:50px;o:0;e:nothing;st:w;sp:400;\"\n\t\t\t\t\t\t\t\tstyle=\"z-index:11;font-family:'Roboto';\"\n\t\t\t\t\t\t\t>Con una experiencia de m\u00e1s de 30 a\u00f1os<br>en el sector \n\t\t\t\t\t\t\t<\/p><!--\n\n\t\t\t\t\t\t\t--><rs-layer\n\t\t\t\t\t\t\t\tid=\"slider-6-slide-26-layer-9\" \n\t\t\t\t\t\t\t\tclass=\"slider_text_bg tp-shape tp-shapewrapper\"\n\t\t\t\t\t\t\t\tdata-type=\"shape\"\n\t\t\t\t\t\t\t\tdata-rsp_ch=\"on\"\n\t\t\t\t\t\t\t\tdata-xy=\"x:15px;y:240px;\"\n\t\t\t\t\t\t\t\tdata-dim=\"w:540px;h:380px;\"\n\t\t\t\t\t\t\t\tdata-frame_1=\"e:power2.inOut;st:1450;\"\n\t\t\t\t\t\t\t\tdata-frame_999=\"o:0;e:nothing;st:w;\"\n\t\t\t\t\t\t\t\tstyle=\"z-index:8;background-color:rgba(0,0,0,0.50);\"\n\t\t\t\t\t\t\t> \n\t\t\t\t\t\t\t<\/rs-layer><!--\n-->\t\t\t\t\t<\/rs-slide>\n\t\t\t\t\t<\/rs-slides>\n\t\t\t\t<\/rs-module>\n\t\t\t\t<script>\n\t\t\t\t\tsetREVStartSize({c: 'rev_slider_6_1',rl:[1240,1024,778,480],el:[900],gw:[1140],gh:[900],type:'standard',justify:'',layout:'fullwidth',mh:\"0\"});if (window.RS_MODULES!==undefined && window.RS_MODULES.modules!==undefined && window.RS_MODULES.modules[\"revslider61\"]!==undefined) {window.RS_MODULES.modules[\"revslider61\"].once = false;window.revapi6 = undefined;if (window.RS_MODULES.checkMinimal!==undefined) window.RS_MODULES.checkMinimal()}\n\t\t\t\t<\/script>\n\t\t\t<\/rs-module-wrap>\n\t\t\t<!-- END REVOLUTION SLIDER -->\n[\/vc_column][\/vc_row][vc_row css=\u00bb.vc_custom_1678898679435{margin-top: 20px !important;margin-bottom: 80px !important;}\u00bb][vc_column offset=\u00bbvc_col-lg-6 vc_col-md-6&#8243;][vc_column_text]<\/p>\n<h2><\/h2>\n<p><span class=\"jCAhz ChMk0b\"><span class=\"ryNqvb\">Vil\u00e0 Prat, S.L.<\/span><\/span> <span class=\"jCAhz ChMk0b\"><span class=\"ryNqvb\">es una empresa de Transporte de Mercanc\u00edas que nace en 1992 en Solsona (L\u00e9rida), para dar soluciones en el sector del transporte por carretera, nacional e internacional.<\/span><\/span> <span class=\"jCAhz ChMk0b\"><span class=\"ryNqvb\">Inicialmente contaba con una flota de 2 camiones, y gracias al saber hacer, el equipo humano y la capacidad de adaptaci\u00f3n, la empresa ha ido incrementando la flota hasta llegar a la actualidad con 27 veh\u00edculos<\/span><\/span>[\/vc_column_text][\/vc_column][vc_column offset=\u00bbvc_col-lg-6 vc_col-md-6 vc_hidden-sm vc_hidden-xs\u00bb][vc_single_image image=\u00bb1655&#8243; img_size=\u00bbmedium\u00bb alignment=\u00bbcenter\u00bb css_animation=\u00bbslideInDown\u00bb][\/vc_column][\/vc_row][vc_row full_width=\u00bbstretch_row\u00bb el_class=\u00bbsecondary_bg_color\u00bb css=\u00bb.vc_custom_1678898869434{padding-top: 40px !important;padding-bottom: 60px !important;}\u00bb][vc_column width=\u00bb1\/3&#8243;][stm_counter counter_value=\u00bb30&#8243; counter_value_pre=\u00bb+\u00bb drawing=\u00bbyes\u00bb icon_width_svg=\u00bb65&#8243; icon_size=\u00bb64&#8243; title=\u00bbA\u00f1os de experiencia\u00bb drawing_icon=\u00bbstm-projects-done\u00bb icon_color=\u00bb#ffffff\u00bb font_color=\u00bb#ffffff\u00bb][\/vc_column][vc_column width=\u00bb1\/3&#8243;][\/vc_column][vc_column width=\u00bb1\/3&#8243;][stm_counter counter_value=\u00bb27&#8243; icon_width=\u00bb100&#8243; icon_size=\u00bb67&#8243; title=\u00bbVeh\u00edculos\u00bb icon_color=\u00bb#ffffff\u00bb icon=\u00bbstm-transport842&#8243; font_color=\u00bb#ffffff\u00bb][\/vc_column][\/vc_row]<\/p>\n<\/div>","protected":false},"excerpt":{"rendered":"<p>[vc_row][vc_column][\/vc_column][\/vc_row][vc_row css=\u00bb.vc_custom_1678898679435{margin-top: 20px !important;margin-bottom: 80px !important;}\u00bb][vc_column offset=\u00bbvc_col-lg-6 vc_col-md-6&#8243;][vc_column_text] Vil\u00e0 Prat, S.L. es una empresa de Transporte de Mercanc\u00edas que nace en 1992 en Solsona (L\u00e9rida), para dar soluciones en el sector del transporte&#8230;<\/p>\n","protected":false},"author":2,"featured_media":0,"parent":0,"menu_order":1,"comment_status":"closed","ping_status":"open","template":"","meta":{"footnotes":""},"class_list":["post-1778","page","type-page","status-publish","hentry"],"aioseo_notices":[],"_links":{"self":[{"href":"https:\/\/www.transportsvilaprat.com\/es\/wp-json\/wp\/v2\/pages\/1778","targetHints":{"allow":["GET"]}}],"collection":[{"href":"https:\/\/www.transportsvilaprat.com\/es\/wp-json\/wp\/v2\/pages"}],"about":[{"href":"https:\/\/www.transportsvilaprat.com\/es\/wp-json\/wp\/v2\/types\/page"}],"author":[{"embeddable":true,"href":"https:\/\/www.transportsvilaprat.com\/es\/wp-json\/wp\/v2\/users\/2"}],"replies":[{"embeddable":true,"href":"https:\/\/www.transportsvilaprat.com\/es\/wp-json\/wp\/v2\/comments?post=1778"}],"version-history":[{"count":2,"href":"https:\/\/www.transportsvilaprat.com\/es\/wp-json\/wp\/v2\/pages\/1778\/revisions"}],"predecessor-version":[{"id":1780,"href":"https:\/\/www.transportsvilaprat.com\/es\/wp-json\/wp\/v2\/pages\/1778\/revisions\/1780"}],"wp:attachment":[{"href":"https:\/\/www.transportsvilaprat.com\/es\/wp-json\/wp\/v2\/media?parent=1778"}],"curies":[{"name":"wp","href":"https:\/\/api.w.org\/{rel}","templated":true}]}}