{"id":1775,"date":"2015-11-17T04:19:36","date_gmt":"2015-11-17T02:19:36","guid":{"rendered":"http:\/\/www.transportsvilaprat.com\/qui-som\/"},"modified":"2025-06-26T13:19:35","modified_gmt":"2025-06-26T11:19:35","slug":"quienes-somos","status":"publish","type":"page","link":"https:\/\/www.transportsvilaprat.com\/es\/quienes-somos\/","title":{"rendered":"Quienes somos"},"content":{"rendered":"<div class=\"wpb-content-wrapper\"><p>[vc_row][vc_column width=\u00bb1\/3&#8243;][stm_icon icon_size=\u00bb73&#8243; icon_height=\u00bb90&#8243; title_font_size=\u00bb24&#8243; title_font_weight=\u00bb500&#8243; icon=\u00bbfas fa-industry\u00bb title=\u00bbEmpresa\u00bb text=\u00bbTransportes Vil\u00e0 Prat es una empresa de transporte nacional e internacional de mercanc\u00edas por carretera, fundada el a\u00f1o 1992 por el Sr. Josep Vil\u00e0 y Sol\u00e9 y Joan Prat Viladrich\u00bb text_color=\u00bb#808080&#8243;][\/vc_column][vc_column width=\u00bb1\/3&#8243;][stm_icon icon_size=\u00bb90&#8243; icon_height=\u00bb90&#8243; title_font_size=\u00bb24&#8243; title_font_weight=\u00bb500&#8243; icon=\u00bbstm-transport842&#8243; title=\u00bbFlota\u00bb text=\u00bbNuestra flota est\u00e1 formada por 27 veh\u00edculos de diferentes tipolog\u00edas, como pisos m\u00f3viles y ba\u00f1eras\u00bb text_color=\u00bb#808080&#8243;][\/vc_column][vc_column width=\u00bb1\/3&#8243;][stm_icon icon_size=\u00bb73&#8243; icon_height=\u00bb90&#8243; title_font_size=\u00bb24&#8243; title_font_weight=\u00bb500&#8243; icon=\u00bbfas fa-map-marker-alt\u00bb title=\u00bbUbicaci\u00f3n\u00bb text=\u00bbLa Empresa est\u00e1 ubicada en el municipio de Solsona (L\u00e9rida), donde tenemos nuestro parking de camiones\u00bb text_color=\u00bb#808080&#8243;][\/vc_column][\/vc_row][vc_row][vc_column width=\u00bb1\/3&#8243;][stm_icon icon_size=\u00bb73&#8243; icon_height=\u00bb90&#8243; title_font_size=\u00bb24&#8243; title_font_weight=\u00bb500&#8243; icon=\u00bbfas fa-wrench\u00bb title=\u00bbTaller propio\u00bb text=\u00bbDisponemos de taller propio para la reparaci\u00f3n de nuestros veh\u00edculos\u00bb text_color=\u00bb#808080&#8243;][\/vc_column][vc_column width=\u00bb1\/3&#8243;][stm_icon icon_size=\u00bb73&#8243; icon_height=\u00bb90&#8243; title_font_size=\u00bb24&#8243; title_font_weight=\u00bb500&#8243; icon=\u00bbfas fa-location-arrow\u00bb title=\u00bbExperiencia\u00bb text=\u00bbCon una experiencia de m\u00e1s de 30 a\u00f1os en el sector, afrontamos el futuro con una visi\u00f3n integral y con especial cuidado a los aspectos t\u00e9cnicos, econ\u00f3micos y legales\u00bb text_color=\u00bb#808080&#8243;][\/vc_column][vc_column width=\u00bb1\/3&#8243;][stm_icon icon_size=\u00bb73&#8243; icon_height=\u00bb90&#8243; title_font_size=\u00bb24&#8243; title_font_weight=\u00bb500&#8243; icon=\u00bbfas fa-users\u00bb title=\u00bbServicio\u00bb text=\u00bbNuestra prioridad es ser cada d\u00eda mejores, planificando el trabajo de forma eficaz y dando un mejor servicio al cliente\u00bb text_color=\u00bb#808080&#8243;][\/vc_column][\/vc_row]<\/p>\n<\/div>","protected":false},"excerpt":{"rendered":"<p>[vc_row][vc_column width=\u00bb1\/3&#8243;][stm_icon icon_size=\u00bb73&#8243; icon_height=\u00bb90&#8243; title_font_size=\u00bb24&#8243; title_font_weight=\u00bb500&#8243; icon=\u00bbfas fa-industry\u00bb title=\u00bbEmpresa\u00bb text=\u00bbTransportes Vil\u00e0 Prat es una empresa de transporte nacional e internacional de mercanc\u00edas por carretera, fundada el a\u00f1o 1992 por el Sr. Josep Vil\u00e0&#8230;<\/p>\n","protected":false},"author":2,"featured_media":0,"parent":0,"menu_order":2,"comment_status":"closed","ping_status":"closed","template":"","meta":{"footnotes":""},"class_list":["post-1775","page","type-page","status-publish","hentry"],"aioseo_notices":[],"_links":{"self":[{"href":"https:\/\/www.transportsvilaprat.com\/es\/wp-json\/wp\/v2\/pages\/1775","targetHints":{"allow":["GET"]}}],"collection":[{"href":"https:\/\/www.transportsvilaprat.com\/es\/wp-json\/wp\/v2\/pages"}],"about":[{"href":"https:\/\/www.transportsvilaprat.com\/es\/wp-json\/wp\/v2\/types\/page"}],"author":[{"embeddable":true,"href":"https:\/\/www.transportsvilaprat.com\/es\/wp-json\/wp\/v2\/users\/2"}],"replies":[{"embeddable":true,"href":"https:\/\/www.transportsvilaprat.com\/es\/wp-json\/wp\/v2\/comments?post=1775"}],"version-history":[{"count":2,"href":"https:\/\/www.transportsvilaprat.com\/es\/wp-json\/wp\/v2\/pages\/1775\/revisions"}],"predecessor-version":[{"id":1777,"href":"https:\/\/www.transportsvilaprat.com\/es\/wp-json\/wp\/v2\/pages\/1775\/revisions\/1777"}],"wp:attachment":[{"href":"https:\/\/www.transportsvilaprat.com\/es\/wp-json\/wp\/v2\/media?parent=1775"}],"curies":[{"name":"wp","href":"https:\/\/api.w.org\/{rel}","templated":true}]}}